{"id":61,"date":"2026-03-16T10:22:40","date_gmt":"2026-03-16T10:22:40","guid":{"rendered":"https:\/\/testone.thr2002.eu\/index.php\/tableau-de-bord-de-lutilisateur\/"},"modified":"2026-03-16T10:22:40","modified_gmt":"2026-03-16T10:22:40","slug":"tableau-de-bord-de-lutilisateur","status":"publish","type":"page","link":"https:\/\/testone.thr2002.eu\/index.php\/tableau-de-bord-de-lutilisateur\/","title":{"rendered":"Tableau de bord de l\u2019utilisateur"},"content":{"rendered":"\n<div class=\"w3eden wpdm-auth-page\" id=\"wpdmloginpage\">\n    <div class=\"wpdm-auth-split\" id=\"wpdmlogin\">\n        <div class=\"wpdm-auth-panel\">\n            <!-- Left Panel - Decorative -->\n            <div class=\"wpdm-auth-left\">\n                <div class=\"wpdm-auth-grid\"><\/div>\n                <div class=\"wpdm-auth-circles\">\n                    <div class=\"wpdm-auth-circle\"><\/div>\n                    <div class=\"wpdm-auth-circle\"><\/div>\n                    <div class=\"wpdm-auth-circle\"><\/div>\n                    <div class=\"wpdm-auth-circle\"><\/div>\n                <\/div>\n\n                <div class=\"wpdm-auth-brand\">\n                    <a href=\"https:\/\/testone.thr2002.eu\">\n                                            <div class=\"wpdm-auth-brand-icon\">\n                            <svg viewBox=\"0 0 24 24\" fill=\"none\" stroke=\"currentColor\" stroke-width=\"2\"><circle cx=\"12\" cy=\"12\" r=\"10\"\/><path d=\"M12 16v-4\"\/><path d=\"M12 8h.01\"\/><\/svg>\n                        <\/div>\n                                        <span>Test ONE<\/span>\n                    <\/a>\n                <\/div>\n\n                <div class=\"wpdm-auth-welcome\">\n                    <div class=\"wpdm-auth-welcome-sub\">Ravi de vous revoir<\/div>\n                    <div class=\"wpdm-auth-welcome-title\">Heureux de vous revoir<\/div>\n                    <div class=\"wpdm-auth-welcome-line\"><\/div>\n                    <div class=\"wpdm-auth-welcome-text\">\n                        Connectez-vous pour acc\u00e9der \u00e0 votre compte, g\u00e9rer vos t\u00e9l\u00e9chargements et d\u00e9couvrir toutes les fonctionnalit\u00e9s \u00e0 votre disposition.                    <\/div>\n                <\/div>\n            <\/div>\n\n            <!-- Right Panel - Form -->\n            <div class=\"wpdm-auth-right\">\n\n\n                <div class=\"wpdm-auth-form-header\">\n                    <h1 class=\"wpdm-auth-form-title\">Connexion au compte<\/h1>\n                    <p class=\"wpdm-auth-form-desc\">Saisissez vos identifiants pour acc\u00e9der \u00e0 votre compte et reprendre l\u00e0 o\u00f9 vous en \u00e9tiez.<\/p>\n                <\/div>\n                                <form name=\"loginform\" id=\"loginform\" action=\"\" method=\"post\">\n                    <input type=\"hidden\" name=\"permalink\" value=\"https:\/\/testone.thr2002.eu\/index.php\/tableau-de-bord-de-lutilisateur\/\" \/>\n\n                    <!-- Alerts -->\n                    <div id=\"__signin_msg\">\n                                            <\/div>\n\n                    \n                    <!-- Email -->\n                    <div class=\"wpdm-auth-field\">\n                        <div class=\"wpdm-auth-input-wrap\">\n                            <input type=\"text\" name=\"wpdm_login[log]\" id=\"user_login\" class=\"wpdm-auth-input\" required placeholder=\"ID de l\u2019e-mail\" autocomplete=\"username\" \/>\n                        <\/div>\n                    <\/div>\n\n                    <!-- Password -->\n                    <div class=\"wpdm-auth-field\">\n                        <div class=\"wpdm-auth-input-wrap\">\n                            <input type=\"password\" name=\"wpdm_login[pwd]\" id=\"password\" class=\"wpdm-auth-input has-toggle\" required placeholder=\"Mot de passe\" autocomplete=\"current-password\" \/>\n                            <button type=\"button\" class=\"wpdm-auth-pwd-toggle\" onclick=\"wpdmTogglePwd()\" aria-label=\"Toggle password visibility\">\n                                <svg id=\"wpdm-eye\" viewBox=\"0 0 24 24\" fill=\"none\" stroke=\"currentColor\" stroke-width=\"2\"><path d=\"M1 12s4-8 11-8 11 8 11 8-4 8-11 8-11-8-11-8z\"\/><circle cx=\"12\" cy=\"12\" r=\"3\"\/><\/svg>\n                                <svg id=\"wpdm-eye-off\" style=\"display:none\" viewBox=\"0 0 24 24\" fill=\"none\" stroke=\"currentColor\" stroke-width=\"2\"><path d=\"M17.94 17.94A10.07 10.07 0 0 1 12 20c-7 0-11-8-11-8a18.45 18.45 0 0 1 5.06-5.94M9.9 4.24A9.12 9.12 0 0 1 12 4c7 0 11 8 11 8a18.5 18.5 0 0 1-2.16 3.19m-6.72-1.07a3 3 0 1 1-4.24-4.24\"\/><line x1=\"1\" y1=\"1\" x2=\"23\" y2=\"23\"\/><\/svg>\n                            <\/button>\n                        <\/div>\n                    <\/div>\n\n                    <!-- Hidden hash -->\n                                        <input type=\"hidden\" name=\"__phash\" id=\"__phash\" value=\"O_6OpqTINeOBiL4YcYPyHwY8jHnN74k3SVmTAFUCFtL6U-rbO6ib-G2Zlg1uIWut0xrUiGkGEVL-lMOG7xIm_tw\" \/>\n\n                    \n                                        \n                    <!-- Remember & Forgot -->\n                    <div class=\"wpdm-auth-meta\">\n                        <label class=\"wpdm-auth-remember\">\n                            <input type=\"checkbox\" name=\"rememberme\" id=\"rememberme\" value=\"forever\" \/>\n                            <span class=\"wpdm-auth-check\">\n                                <svg viewBox=\"0 0 24 24\" fill=\"none\" stroke=\"currentColor\" stroke-width=\"3\"><polyline points=\"20 6 9 17 4 12\"\/><\/svg>\n                            <\/span>\n                            <span>Gardez-moi connect\u00e9<\/span>\n                        <\/label>\n                        <a href=\"https:\/\/testone.thr2002.eu\/wp-login.php?action=lostpassword\" class=\"wpdm-auth-forgot\">Mot de passe oubli\u00e9\u00a0?<\/a>\n                    <\/div>\n\n                    <!-- Submit -->\n                    <button type=\"submit\" name=\"wp-submit\" id=\"loginform-submit\" class=\"wpdm-auth-btn\">\n                        <span>Connexion<\/span>\n                    <\/button>\n\n                    <!-- Register Link -->\n                    \n                    <input type=\"hidden\" name=\"redirect_to\" value=\"\/index.php\/wp-json\/wp\/v2\/pages\/61\" \/>\n                <\/form>\n\n                <!-- Social Login -->\n                \n                            <\/div>\n        <\/div>\n    <\/div>\n<\/div>\n\n<script>\nfunction wpdmTogglePwd() {\n    var pwd = document.getElementById('password');\n    var eye = document.getElementById('wpdm-eye');\n    var eyeOff = document.getElementById('wpdm-eye-off');\n    if (pwd.type === 'password') {\n        pwd.type = 'text';\n        eye.style.display = 'none';\n        eyeOff.style.display = 'block';\n    } else {\n        pwd.type = 'password';\n        eye.style.display = 'block';\n        eyeOff.style.display = 'none';\n    }\n}\n\njQuery(function ($) {\n        var $btn = $('#loginform-submit');\n    var btnHtml = $btn.html();\n\n    $('#loginform').submit(function () {\n        $btn.html('<span class=\"wpdm-auth-spinner\"><\/span><span>Connexion\u2026<\/span>').attr('disabled', 'disabled');\n\n        $(this).ajaxSubmit({\n            error: function(error) {\n                if(typeof error.responseJSON !== 'undefined') {\n                    showErr(error.responseJSON.messages || error.responseJSON.message);\n                    $btn.html(btnHtml).removeAttr('disabled');\n                                    } else {\n                    setTimeout(function () {\n                        location.href = \"\/index.php\/wp-json\/wp\/v2\/pages\/61\";\n                    }, 1000);\n                }\n            },\n            success: async function (res) {\n                if (!res.success) {\n                    showErr(res.message);\n                    $btn.html(btnHtml).removeAttr('disabled');\n                                    } else {\n                    let proceed = await WPDM.doAction(\"wpdm_user_login\", res);\n                    $btn.html('<svg viewBox=\"0 0 24 24\" width=\"16\" height=\"16\" fill=\"none\" stroke=\"currentColor\" stroke-width=\"2\"><path d=\"M22 11.08V12a10 10 0 1 1-5.93-9.14\"\/><polyline points=\"22 4 12 14.01 9 11.01\"\/><\/svg><span>' + res.message + '<\/span>');\n                    setTimeout(function () {\n                        location.href = \"\/index.php\/wp-json\/wp\/v2\/pages\/61\";\n                    }, 1000);\n                }\n            }\n        });\n        return false;\n    });\n    \n    function showErr(msg) {\n        $('#loginform .wpdm-auth-alert.error').remove();\n        var html = '<div class=\"wpdm-auth-alert error\">' +\n            '<svg viewBox=\"0 0 24 24\" fill=\"none\" stroke=\"currentColor\" stroke-width=\"2\"><circle cx=\"12\" cy=\"12\" r=\"10\"\/><line x1=\"15\" y1=\"9\" x2=\"9\" y2=\"15\"\/><line x1=\"9\" y1=\"9\" x2=\"15\" y2=\"15\"\/><\/svg>' +\n            '<span>' + msg + '<\/span><\/div>';\n        $('#loginform').prepend(html);\n    }\n\n    $('body').on('click', '.wpdm-auth-alert.error', function(){\n        $(this).slideUp(150, function() { $(this).remove(); });\n    });\n});\n<\/script>\n\n","protected":false},"excerpt":{"rendered":"","protected":false},"author":1,"featured_media":0,"parent":0,"menu_order":0,"comment_status":"closed","ping_status":"closed","template":"","meta":{"_acf_changed":false,"footnotes":""},"class_list":["post-61","page","type-page","status-publish","hentry"],"acf":[],"_links":{"self":[{"href":"https:\/\/testone.thr2002.eu\/index.php\/wp-json\/wp\/v2\/pages\/61","targetHints":{"allow":["GET"]}}],"collection":[{"href":"https:\/\/testone.thr2002.eu\/index.php\/wp-json\/wp\/v2\/pages"}],"about":[{"href":"https:\/\/testone.thr2002.eu\/index.php\/wp-json\/wp\/v2\/types\/page"}],"author":[{"embeddable":true,"href":"https:\/\/testone.thr2002.eu\/index.php\/wp-json\/wp\/v2\/users\/1"}],"replies":[{"embeddable":true,"href":"https:\/\/testone.thr2002.eu\/index.php\/wp-json\/wp\/v2\/comments?post=61"}],"version-history":[{"count":0,"href":"https:\/\/testone.thr2002.eu\/index.php\/wp-json\/wp\/v2\/pages\/61\/revisions"}],"wp:attachment":[{"href":"https:\/\/testone.thr2002.eu\/index.php\/wp-json\/wp\/v2\/media?parent=61"}],"curies":[{"name":"wp","href":"https:\/\/api.w.org\/{rel}","templated":true}]}}